{"id":3,"date":"2023-05-02T12:58:47","date_gmt":"2023-05-02T12:58:47","guid":{"rendered":"http:\/\/eva.mayer.cc\/?page_id=3"},"modified":"2026-04-22T16:15:23","modified_gmt":"2026-04-22T14:15:23","slug":"impressum","status":"publish","type":"page","link":"https:\/\/eva.mayer.cc\/en\/impressum\/","title":{"rendered":"Impressum"},"content":{"rendered":"<div data-elementor-type=\"wp-page\" data-elementor-id=\"3\" class=\"elementor elementor-3\" data-elementor-post-type=\"page\">\n\t\t\t\t<div class=\"elementor-element elementor-element-fb3ceca e-flex e-con-boxed e-con e-parent\" data-id=\"fb3ceca\" data-element_type=\"container\" data-core-v316-plus=\"true\">\n\t\t\t\t\t<div class=\"e-con-inner\">\n\t\t\t\t<div class=\"elementor-element elementor-element-52a40ead elementor-widget elementor-widget-text-editor\" data-id=\"52a40ead\" data-element_type=\"widget\" data-widget_type=\"text-editor.default\">\n\t\t\t\t<div class=\"elementor-widget-container\">\n\t\t\t<style>\/*! elementor - v3.20.0 - 10-04-2024 *\/\n.elementor-widget-text-editor.elementor-drop-cap-view-stacked .elementor-drop-cap{background-color:#69727d;color:#fff}.elementor-widget-text-editor.elementor-drop-cap-view-framed .elementor-drop-cap{color:#69727d;border:3px solid;background-color:transparent}.elementor-widget-text-editor:not(.elementor-drop-cap-view-default) .elementor-drop-cap{margin-top:8px}.elementor-widget-text-editor:not(.elementor-drop-cap-view-default) .elementor-drop-cap-letter{width:1em;height:1em}.elementor-widget-text-editor .elementor-drop-cap{float:left;text-align:center;line-height:1;font-size:50px}.elementor-widget-text-editor .elementor-drop-cap-letter{display:inline-block}<\/style>\t\t\t\t<p><!-- wp:heading --><\/p>\n<h2><strong>Impressum<\/strong><\/h2>\n<p><!-- \/wp:heading -->\n\n<!-- wp:paragraph --><\/p>\n<p>Eva Maria Mayer <br \/>Tummelplatz 7\/7, <br>8010 Graz, <br>\u00d6sterreich<\/p>\n<p>office@eva. mayer. cc <br \/>+43 681 20930148<\/p>\n<p>&nbsp;<\/p>\n<p>F\u00fcr allf\u00e4llige Beschwerden k\u00f6nnen Sie sich an die oben angef\u00fchrte <br \/>E-Mail-Adresse richten.<\/p>\n<p><!-- \/wp:paragraph -->\n\n<!-- wp:heading --><\/p>\n<h2>Copyright<\/h2>\n<p><!-- \/wp:heading -->\n\n<!-- wp:paragraph --><\/p>\n<p>lle Inhalte, sofern nicht explizit ausgewiesen, sind urheberrechtlich gesch\u00fctzt und Eigentum von Eva Maria Mayer.<\/p>\n<p><!-- \/wp:paragraph -->\n\n<!-- wp:paragraph --><\/p>\n<p>Diese Inhalte d\u00fcrfen ohne vorherige schriftliche Genehmigung von Eva Maria Mayer nicht anderweitig verwendet werden.<\/p>\n<p><!-- \/wp:paragraph -->\n\n<!-- wp:heading --><\/p>\n<h2>Haftung<\/h2>\n<p><!-- \/wp:heading -->\n\n<!-- wp:paragraph --><\/p>\n<p>Trotz sorgsamer Pr\u00fcfung der Inhalte dieser Website kann die Rictigkeit und Aktualit\u00e4t der Angaben nicht garantiert werden.<\/p>\n<p>Mitglied bei: Wirtschaftskammer Steiermark <br \/>Berufsrecht: Gewerbeordnung www.ris.bka.gv.at <br \/>Aufsichtsbeh\u00f6rde\/Gewerbebeh\u00f6rde: Magistrat der Stadt Graz<\/p>\n<p><!-- \/wp:paragraph --><\/p>\t\t\t\t\t\t<\/div>\n\t\t\t\t<\/div>\n\t\t\t\t\t<\/div>\n\t\t\t\t<\/div>\n\t\t\t\t<\/div>","protected":false},"excerpt":{"rendered":"<p>Impressum Eva Maria Mayer Tummelplatz 7\/7, 8010 Graz, \u00d6sterreich office@eva. mayer. cc +43 681 20930148 &nbsp; F\u00fcr allf\u00e4llige Beschwerden k\u00f6nnen Sie sich an die oben angef\u00fchrte E-Mail-Adresse richten. Copyright lle Inhalte, sofern nicht explizit ausgewiesen, sind urheberrechtlich gesch\u00fctzt und Eigentum von Eva Maria Mayer. Diese Inhalte d\u00fcrfen ohne vorherige schriftliche Genehmigung von Eva Maria Mayer [&hellip;]<\/p>","protected":false},"author":1,"featured_media":0,"parent":0,"menu_order":0,"comment_status":"closed","ping_status":"closed","template":"","meta":{"footnotes":""},"_links":{"self":[{"href":"https:\/\/eva.mayer.cc\/en\/wp-json\/wp\/v2\/pages\/3"}],"collection":[{"href":"https:\/\/eva.mayer.cc\/en\/wp-json\/wp\/v2\/pages"}],"about":[{"href":"https:\/\/eva.mayer.cc\/en\/wp-json\/wp\/v2\/types\/page"}],"author":[{"embeddable":true,"href":"https:\/\/eva.mayer.cc\/en\/wp-json\/wp\/v2\/users\/1"}],"replies":[{"embeddable":true,"href":"https:\/\/eva.mayer.cc\/en\/wp-json\/wp\/v2\/comments?post=3"}],"version-history":[{"count":6,"href":"https:\/\/eva.mayer.cc\/en\/wp-json\/wp\/v2\/pages\/3\/revisions"}],"predecessor-version":[{"id":1535,"href":"https:\/\/eva.mayer.cc\/en\/wp-json\/wp\/v2\/pages\/3\/revisions\/1535"}],"wp:attachment":[{"href":"https:\/\/eva.mayer.cc\/en\/wp-json\/wp\/v2\/media?parent=3"}],"curies":[{"name":"wp","href":"https:\/\/api.w.org\/{rel}","templated":true}]}}